{"id":5897,"date":"2022-08-05T11:48:38","date_gmt":"2022-08-05T09:48:38","guid":{"rendered":"https:\/\/shaitubali.com\/contact\/"},"modified":"2023-01-02T15:44:54","modified_gmt":"2023-01-02T14:44:54","slug":"contact","status":"publish","type":"page","link":"https:\/\/shaitubali.com\/de\/contact\/","title":{"rendered":"Kontakt"},"content":{"rendered":"<p>[et_pb_section fb_built=&#8220;1&#8243; _builder_version=&#8220;4.17.6&#8243; _module_preset=&#8220;default&#8220; background_color=&#8220;#8B6442&#8243; global_colors_info=&#8220;{}&#8220;][et_pb_row _builder_version=&#8220;4.17.6&#8243; _module_preset=&#8220;default&#8220; global_colors_info=&#8220;{}&#8220;][et_pb_column type=&#8220;4_4&#8243; _builder_version=&#8220;4.17.6&#8243; _module_preset=&#8220;default&#8220; global_colors_info=&#8220;{}&#8220;][et_pb_text admin_label=&#8220;Text&#8220; _builder_version=&#8220;4.19.0&#8243; _module_preset=&#8220;default&#8220; text_font=&#8220;TT Norms PRO Medium|500|||||||&#8220; text_text_color=&#8220;#FFFFFF&#8220; text_font_size=&#8220;1.1vw&#8220; text_letter_spacing=&#8220;1px&#8220; text_orientation=&#8220;center&#8220; custom_margin=&#8220;0px||0px||false|false&#8220; custom_padding=&#8220;||||false|false&#8220; hover_enabled=&#8220;0&#8243; text_font_size_tablet=&#8220;2vw&#8220; text_font_size_phone=&#8220;2.7vw&#8220; text_font_size_last_edited=&#8220;on|phone&#8220; custom_css_main_element=&#8220;text-transform: uppercase&#8220; locked=&#8220;off&#8220; global_colors_info=&#8220;{}&#8220; sticky_enabled=&#8220;0&#8243;]<\/p>\n<p>M\u00f6chtest du mir oder meinem Team schreiben?<\/p>\n<p>[\/et_pb_text][et_pb_text admin_label=&#8220;Text&#8220; _builder_version=&#8220;4.17.6&#8243; _module_preset=&#8220;default&#8220; text_font=&#8220;TT Norms PRO Medium||||||||&#8220; text_text_color=&#8220;#FFFFFF&#8220; text_font_size=&#8220;7vw&#8220; text_line_height=&#8220;1em&#8220; z_index=&#8220;1&#8243; text_orientation=&#8220;center&#8220; custom_margin=&#8220;2%||0px||false|false&#8220; custom_margin_tablet=&#8220;|0px|0px|0vw|false|false&#8220; custom_margin_phone=&#8220;|0px|0px|0vw|false|false&#8220; custom_margin_last_edited=&#8220;on|phone&#8220; text_font_size_tablet=&#8220;8.5vw&#8220; text_font_size_phone=&#8220;16.8vw&#8220; text_font_size_last_edited=&#8220;on|desktop&#8220; custom_css_after=&#8220;content: &#8218; &#8218;;||display: block;||width: 4.5vw;||height: 0.3vw;||background-color: #fff;||margin: auto;||margin-top: 0.9vw&#8220; locked=&#8220;off&#8220; global_colors_info=&#8220;{}&#8220; text_line_height__hover_enabled=&#8220;off|desktop&#8220; custom_css_after_tablet=&#8220; &#8220; custom_css_after_phone=&#8220; &#8220; custom_css_after_last_edited=&#8220;on|desktop&#8220;]<\/p>\n<p>Wir freuen uns, dir zu antworten!<\/p>\n<p>[\/et_pb_text][\/et_pb_column][\/et_pb_row][\/et_pb_section][et_pb_section fb_built=&#8220;1&#8243; _builder_version=&#8220;4.17.6&#8243; _module_preset=&#8220;default&#8220; background_color=&#8220;#DCCCB3&#8243; global_colors_info=&#8220;{}&#8220;][et_pb_row column_structure=&#8220;1_2,1_2&#8243; make_equal=&#8220;on&#8220; _builder_version=&#8220;4.17.6&#8243; _module_preset=&#8220;default&#8220; custom_margin=&#8220;||10vw||false|false&#8220; custom_margin_tablet=&#8220;||10vw||false|false&#8220; custom_margin_phone=&#8220;||30vw||false|false&#8220; custom_margin_last_edited=&#8220;on|phone&#8220; global_colors_info=&#8220;{}&#8220;][et_pb_column type=&#8220;1_2&#8243; _builder_version=&#8220;4.17.6&#8243; _module_preset=&#8220;default&#8220; global_colors_info=&#8220;{}&#8220;][et_pb_text admin_label=&#8220;Text&#8220; _builder_version=&#8220;4.17.6&#8243; _module_preset=&#8220;default&#8220; text_font=&#8220;TT Norms PRO Medium||||||||&#8220; text_text_color=&#8220;#FFFFFF&#8220; text_font_size=&#8220;1.15vw&#8220; text_line_height=&#8220;1.3em&#8220; link_font=&#8220;TT Norms PRO Medium||||on||||&#8220; link_text_color=&#8220;#FFFFFF&#8220; link_font_size=&#8220;1.15vw&#8220; link_line_height=&#8220;1.3em&#8220; header_text_align=&#8220;left&#8220; width_tablet=&#8220;100%&#8220; width_phone=&#8220;100%&#8220; width_last_edited=&#8220;off|desktop&#8220; max_height=&#8220;100%&#8220; custom_margin=&#8220;||||false|false&#8220; custom_margin_tablet=&#8220;||50px||false|false&#8220; custom_margin_phone=&#8220;||50px||false|false&#8220; custom_margin_last_edited=&#8220;off|desktop&#8220; custom_padding=&#8220;||||false|false&#8220; custom_padding_tablet=&#8220;|20px||20px|false|false&#8220; custom_padding_phone=&#8220;|20px||20px|false|false&#8220; custom_padding_last_edited=&#8220;off|desktop&#8220; text_font_size_tablet=&#8220;20px&#8220; text_font_size_phone=&#8220;15px&#8220; text_font_size_last_edited=&#8220;on|tablet&#8220; link_font_size_tablet=&#8220;20px&#8220; link_font_size_phone=&#8220;15px&#8220; link_font_size_last_edited=&#8220;on|desktop&#8220; custom_css_main_element=&#8220;margin-top: auto !important;&#8220; locked=&#8220;off&#8220; global_colors_info=&#8220;{}&#8220; custom_css_main_element_last_edited=&#8220;on|phone&#8220; custom_css_main_element_tablet=&#8220;margin-top: auto !important;&#8220; custom_css_main_element_phone=&#8220;margin-top: auto !important;&#8220;]<\/p>\n<p>Wenn du Fragen zu den Aktivit\u00e4ten oder den Inhalten der Website hast, wende dich bitte an einen der unten stehenden Kontakte oder f\u00fclle das Formular aus.<br \/>Wenn du ein Organisator bist, der mich zu einer Veranstaltung einladen m\u00f6chte, oder ein Journalist, der ein Interview mit mir vereinbaren m\u00f6chte, schreibe bitte an: <a href=\"mailto:c.stickel@human-greatness.com\">Carlos Stickel<\/a><\/p>\n<p>Wenn du mich in pers\u00f6nlichen Angelegenheiten direkt anschreiben m\u00f6chtest, bedenke bitte, dass ich aufgrund meiner vielen verschiedenen Verpflichtungen oft nicht in der Lage bin, auf private Nachrichten zu antworten. Obwohl ich mich nat\u00fcrlich bem\u00fche, jedem zu antworten, der sich an mich wendet, kann es sein, dass in solchen arbeitsreichen Zeiten einige Nachrichten unbeantwortet bleiben oder erst nach langer Zeit beantwortet werden. Wenn du ein*e Veranstaltungsteilnehmer*in bist und pers\u00f6nliche Fragen hast, z\u00f6gere nicht, einem unserer sehr erfahrenen Teammitglieder zu schreiben: <a href=\"mailto:c.stickel@human-greatness.com\">Carlos Stickel<\/a> oder <a href=\"mailto:t.brosh@human-greatness.com\">Tamar Brosh<\/a><\/p>\n<p>[\/et_pb_text][\/et_pb_column][et_pb_column type=&#8220;1_2&#8243; _builder_version=&#8220;4.17.6&#8243; _module_preset=&#8220;default&#8220; custom_css_main_element=&#8220;margin:auto;&#8220; global_colors_info=&#8220;{}&#8220;][et_pb_contact_form captcha=&#8220;off&#8220; submit_button_text=&#8220;Absenden&#8220; _builder_version=&#8220;4.19.0&#8243; _module_preset=&#8220;default&#8220; _unique_id=&#8220;74303f35-2d86-4edc-b112-bda20293ec16&#8243; form_field_background_color=&#8220;#FFFFFF&#8220; form_field_text_color=&#8220;#DCCCB3&#8243; form_field_font=&#8220;TT Norms PRO Medium||||||||&#8220; custom_button=&#8220;on&#8220; button_text_size=&#8220;15px&#8220; button_text_color=&#8220;#C8A980&#8243; button_bg_color=&#8220;#FFFFFF&#8220; button_border_width=&#8220;1px&#8220; button_border_radius=&#8220;21px&#8220; button_letter_spacing=&#8220;2px&#8220; button_font=&#8220;TT Norms PRO Medium|||on|||||&#8220; button_use_icon=&#8220;off&#8220; button_custom_padding=&#8220;|2vw||2vw|false|true&#8220; button_custom_padding_tablet=&#8220;|3vw||3vw|false|true&#8220; button_custom_padding_phone=&#8220;|6vw||6vw|false|true&#8220; button_custom_padding_last_edited=&#8220;on|phone&#8220; hover_enabled=&#8220;0&#8243; border_radii=&#8220;on|23px|23px|23px|23px&#8220; global_colors_info=&#8220;{}&#8220; button_text_color__hover=&#8220;#C8A980&#8243; button_text_color__hover_enabled=&#8220;on|desktop&#8220; button_bg_color__hover=&#8220;#FFFFFF&#8220; button_bg_color__hover_enabled=&#8220;on|hover&#8220; button_border_color__hover=&#8220;#FFFFFF&#8220; button_border_color__hover_enabled=&#8220;on|desktop&#8220; button_custom_padding__hover_enabled=&#8220;off|desktop&#8220; sticky_enabled=&#8220;0&#8243;][et_pb_contact_field field_id=&#8220;Name&#8220; field_title=&#8220;Name&#8220; _builder_version=&#8220;4.16&#8243; global_colors_info=&#8220;{}&#8220; button_text_size__hover_enabled=&#8220;off&#8220; button_one_text_size__hover_enabled=&#8220;off&#8220; button_two_text_size__hover_enabled=&#8220;off&#8220; button_text_color__hover_enabled=&#8220;off&#8220; button_one_text_color__hover_enabled=&#8220;off&#8220; button_two_text_color__hover_enabled=&#8220;off&#8220; button_border_width__hover_enabled=&#8220;off&#8220; button_one_border_width__hover_enabled=&#8220;off&#8220; button_two_border_width__hover_enabled=&#8220;off&#8220; button_border_color__hover_enabled=&#8220;off&#8220; button_one_border_color__hover_enabled=&#8220;off&#8220; button_two_border_color__hover_enabled=&#8220;off&#8220; button_border_radius__hover_enabled=&#8220;off&#8220; button_one_border_radius__hover_enabled=&#8220;off&#8220; button_two_border_radius__hover_enabled=&#8220;off&#8220; button_letter_spacing__hover_enabled=&#8220;off&#8220; button_one_letter_spacing__hover_enabled=&#8220;off&#8220; button_two_letter_spacing__hover_enabled=&#8220;off&#8220; button_bg_color__hover_enabled=&#8220;off&#8220; button_one_bg_color__hover_enabled=&#8220;off&#8220; button_two_bg_color__hover_enabled=&#8220;off&#8220;][\/et_pb_contact_field][et_pb_contact_field field_id=&#8220;Email&#8220; field_title=&#8220;Email-Adresse&#8220; field_type=&#8220;email&#8220; _builder_version=&#8220;4.19.0&#8243; hover_enabled=&#8220;0&#8243; global_colors_info=&#8220;{}&#8220; button_text_size__hover_enabled=&#8220;off&#8220; button_one_text_size__hover_enabled=&#8220;off&#8220; button_two_text_size__hover_enabled=&#8220;off&#8220; button_text_color__hover_enabled=&#8220;off&#8220; button_one_text_color__hover_enabled=&#8220;off&#8220; button_two_text_color__hover_enabled=&#8220;off&#8220; button_border_width__hover_enabled=&#8220;off&#8220; button_one_border_width__hover_enabled=&#8220;off&#8220; button_two_border_width__hover_enabled=&#8220;off&#8220; button_border_color__hover_enabled=&#8220;off&#8220; button_one_border_color__hover_enabled=&#8220;off&#8220; button_two_border_color__hover_enabled=&#8220;off&#8220; button_border_radius__hover_enabled=&#8220;off&#8220; button_one_border_radius__hover_enabled=&#8220;off&#8220; button_two_border_radius__hover_enabled=&#8220;off&#8220; button_letter_spacing__hover_enabled=&#8220;off&#8220; button_one_letter_spacing__hover_enabled=&#8220;off&#8220; button_two_letter_spacing__hover_enabled=&#8220;off&#8220; button_bg_color__hover_enabled=&#8220;off&#8220; button_one_bg_color__hover_enabled=&#8220;off&#8220; button_two_bg_color__hover_enabled=&#8220;off&#8220; sticky_enabled=&#8220;0&#8243;][\/et_pb_contact_field][et_pb_contact_field field_id=&#8220;Nachricht&#8220; field_title=&#8220;Nachricht&#8220; field_type=&#8220;text&#8220; fullwidth_field=&#8220;on&#8220; _builder_version=&#8220;4.19.0&#8243; hover_enabled=&#8220;0&#8243; global_colors_info=&#8220;{}&#8220; button_text_size__hover_enabled=&#8220;off&#8220; button_one_text_size__hover_enabled=&#8220;off&#8220; button_two_text_size__hover_enabled=&#8220;off&#8220; button_text_color__hover_enabled=&#8220;off&#8220; button_one_text_color__hover_enabled=&#8220;off&#8220; button_two_text_color__hover_enabled=&#8220;off&#8220; button_border_width__hover_enabled=&#8220;off&#8220; button_one_border_width__hover_enabled=&#8220;off&#8220; button_two_border_width__hover_enabled=&#8220;off&#8220; button_border_color__hover_enabled=&#8220;off&#8220; button_one_border_color__hover_enabled=&#8220;off&#8220; button_two_border_color__hover_enabled=&#8220;off&#8220; button_border_radius__hover_enabled=&#8220;off&#8220; button_one_border_radius__hover_enabled=&#8220;off&#8220; button_two_border_radius__hover_enabled=&#8220;off&#8220; button_letter_spacing__hover_enabled=&#8220;off&#8220; button_one_letter_spacing__hover_enabled=&#8220;off&#8220; button_two_letter_spacing__hover_enabled=&#8220;off&#8220; button_bg_color__hover_enabled=&#8220;off&#8220; button_one_bg_color__hover_enabled=&#8220;off&#8220; button_two_bg_color__hover_enabled=&#8220;off&#8220; sticky_enabled=&#8220;0&#8243;][\/et_pb_contact_field][\/et_pb_contact_form][\/et_pb_column][\/et_pb_row][\/et_pb_section]<\/p>\n<span class=\"et_bloom_bottom_trigger\"><\/span>","protected":false},"excerpt":{"rendered":"<p>M\u00f6chtest du mir oder meinem Team schreiben?Wir freuen uns, dir zu antworten!Wenn du Fragen zu den Aktivit\u00e4ten oder den Inhalten der Website hast, wende dich bitte an einen der unten stehenden Kontakte oder f\u00fclle das Formular aus.Wenn du ein Organisator bist, der mich zu einer Veranstaltung einladen m\u00f6chte, oder ein Journalist, der ein Interview mit [&hellip;]<\/p>\n","protected":false},"author":1,"featured_media":0,"parent":0,"menu_order":0,"comment_status":"closed","ping_status":"closed","template":"","meta":{"_et_pb_use_builder":"on","_et_pb_old_content":"","_et_gb_content_width":"","footnotes":""},"class_list":["post-5897","page","type-page","status-publish","hentry"],"acf":[],"_links":{"self":[{"href":"https:\/\/shaitubali.com\/de\/wp-json\/wp\/v2\/pages\/5897","targetHints":{"allow":["GET"]}}],"collection":[{"href":"https:\/\/shaitubali.com\/de\/wp-json\/wp\/v2\/pages"}],"about":[{"href":"https:\/\/shaitubali.com\/de\/wp-json\/wp\/v2\/types\/page"}],"author":[{"embeddable":true,"href":"https:\/\/shaitubali.com\/de\/wp-json\/wp\/v2\/users\/1"}],"replies":[{"embeddable":true,"href":"https:\/\/shaitubali.com\/de\/wp-json\/wp\/v2\/comments?post=5897"}],"version-history":[{"count":3,"href":"https:\/\/shaitubali.com\/de\/wp-json\/wp\/v2\/pages\/5897\/revisions"}],"predecessor-version":[{"id":5901,"href":"https:\/\/shaitubali.com\/de\/wp-json\/wp\/v2\/pages\/5897\/revisions\/5901"}],"wp:attachment":[{"href":"https:\/\/shaitubali.com\/de\/wp-json\/wp\/v2\/media?parent=5897"}],"curies":[{"name":"wp","href":"https:\/\/api.w.org\/{rel}","templated":true}]}}